{"id":6,"date":"2012-03-09T15:28:59","date_gmt":"2012-03-09T14:28:59","guid":{"rendered":"http:\/\/seves-konz-spez.net\/blog\/?page_id=6"},"modified":"2025-11-30T13:13:20","modified_gmt":"2025-11-30T12:13:20","slug":"impressum-datenschutz","status":"publish","type":"page","link":"http:\/\/seves-konz-spez.net\/blog\/impressum-datenschutz\/","title":{"rendered":"Impressum \/ Datenschutz"},"content":{"rendered":"<h2>Unternehmen SEVES konz Spez Verbinde-Netzwerke:<br \/>\nStrategie-Beratung und Hilfe bei komplexen Zentralproblemen f\u00fcr Unternehmen durch evolutionskonformes und engpasskonzentriertes Denken und entsprechende Spezialisten-Vermittlungen! Effiziente und effektive Team-Organisation.<\/h2>\n<p>SEVES konz Spez<br \/>\nVerbinde-Netzwerke<br \/>\nvon D\u00e4niken Karl<br \/>\nSchlettlirain 8<br \/>\nCH 6274 Eschenbach<\/p>\n<p>Email: \u00a0<a href=\"mailto:karl.von.daeniken@seves-konz-spez.net\">karl.von.daeniken@seves-konz-spez.net<\/a><\/p>\n<p>CH-MwST: Unterschreitung des MwST pflichtigen j\u00e4hrlichen Mindestumsatzes.<\/p>\n<p><strong>Bitte Kontaktieren Sie uns unverbindlich! Verlangen Sie f\u00fcr sich Nutzen!<\/strong><\/p>\n<div id=\"attachment_1343\" style=\"width: 250px\" class=\"wp-caption aligncenter\"><a href=\"http:\/\/seves-konz-spez.net\/blog\/wp-content\/uploads\/2012\/03\/P1000049.jpg\"><img aria-describedby=\"caption-attachment-1343\" decoding=\"async\" loading=\"lazy\" class=\"wp-image-1343 \" src=\"http:\/\/seves-konz-spez.net\/blog\/wp-content\/uploads\/2012\/03\/P1000049-300x225.jpg\" alt=\"Sicht Rigi\" width=\"240\" height=\"180\" srcset=\"http:\/\/seves-konz-spez.net\/blog\/wp-content\/uploads\/2012\/03\/P1000049-300x225.jpg 300w, http:\/\/seves-konz-spez.net\/blog\/wp-content\/uploads\/2012\/03\/P1000049-1024x768.jpg 1024w\" sizes=\"(max-width: 240px) 100vw, 240px\" \/><\/a><p id=\"caption-attachment-1343\" class=\"wp-caption-text\">Sicht Rigi<\/p><\/div>\n<div id=\"attachment_1344\" style=\"width: 250px\" class=\"wp-caption aligncenter\"><a href=\"http:\/\/seves-konz-spez.net\/blog\/wp-content\/uploads\/2012\/03\/P1000044.jpg\"><img aria-describedby=\"caption-attachment-1344\" decoding=\"async\" loading=\"lazy\" class=\"wp-image-1344  \" title=\"Sicht Titlis\" src=\"http:\/\/seves-konz-spez.net\/blog\/wp-content\/uploads\/2012\/03\/P1000044-300x225.jpg\" alt=\"Alpenkette\" width=\"240\" height=\"180\" srcset=\"http:\/\/seves-konz-spez.net\/blog\/wp-content\/uploads\/2012\/03\/P1000044-300x225.jpg 300w, http:\/\/seves-konz-spez.net\/blog\/wp-content\/uploads\/2012\/03\/P1000044-1024x768.jpg 1024w\" sizes=\"(max-width: 240px) 100vw, 240px\" \/><\/a><p id=\"caption-attachment-1344\" class=\"wp-caption-text\">Alpenkette<a href=\"http:\/\/seves-konz-spez.net\/blog\/wp-content\/uploads\/2012\/03\/P1000046.jpg\"><img decoding=\"async\" loading=\"lazy\" class=\"wp-image-1345  \" title=\"Sicht Titlis\" src=\"http:\/\/seves-konz-spez.net\/blog\/wp-content\/uploads\/2012\/03\/P1000046-300x225.jpg\" alt=\"P1000046\" width=\"240\" height=\"180\" srcset=\"http:\/\/seves-konz-spez.net\/blog\/wp-content\/uploads\/2012\/03\/P1000046-300x225.jpg 300w, http:\/\/seves-konz-spez.net\/blog\/wp-content\/uploads\/2012\/03\/P1000046-1024x768.jpg 1024w\" sizes=\"(max-width: 240px) 100vw, 240px\" \/><\/a><\/p><\/div>\n<p><strong>Datenschutz:<\/strong><\/p>\n<p>Diese Datenschutzerkl\u00e4rung kl\u00e4rt Nutzer \u00fcber Art, den Umfang und Zwecke der Erhebung und Verwendung personenbezogener Daten durch den verantwortlichen Anbieter auf dieser Website im folgenden Angebot auf.<br \/>\nSofern innerhalb dieser Website die M\u00f6glichkeit zur Eingabe pers\u00f6nlicher oder gesch\u00e4ftlicher Daten \/E-Mail-Adressen, Namen, Anschriften) besteht, so erfolgt die Preisgabe dieser Daten seitens des Nutzers auf ausdr\u00fccklich freiwilliger Basis. Ihre Daten werden intern f\u00fcr die Abwicklung ihrer Bestellung und die Erledigung des Gesch\u00e4ftsvorganges ,wie Buchhaltung, Zahlung etc., gespeichert.<br \/>\nBeim Zugriff auf das Portal werden diverse Zugriffsdaten, wie IP-Adresse, Datum und Uhrzeit des Zugriffs, Name der aufgerufenen Datei etc., gespeichert. Es finden dabei keine personenbezogenen Auswertungen statt, \u00a0sondern Auswertung in anonymisierter Form f\u00fcr Statistiken.\u00a0Alle Daten werden vertraulich behandelt.<br \/>\nAuf externe Schaltfl\u00e4chen und deren Eintr\u00e4ge \u00fcbernimmt SEVES keine Haftung!<br \/>\n<span style=\"line-height: 1.5em;\">Inhaber von SEVES-konz-Spez und verantwortlich f\u00fcr den Inhalt ist:<\/span><\/p>\n<p>Karl von D\u00e4niken<br \/>\nSchlettlirain 8<br \/>\nCH-6274 Eschenbach<br \/>\nTel. 0041 (0) 792603301<br \/>\nMail: \u00a0info @seves-konz-spez.net<br \/>\nInternet: seves-konz-spez.net<\/p>\n<p><strong>Anwendungsbereich:<\/strong><\/p>\n<p>S\u00e4mtliche Informationen, \u00a0welche auf dieser Website enthalten sind, haben den Sinn und Zweck , \u00a0Informationen \u00fcber Leistungen und Produkte von \u00a0SEVES-konz-spez.net anzubieten.<br \/>\nEinverst\u00e4ndnis: Bitte lesen Sie die nachfolgenden Ausf\u00fchrungen genau durch. Mit dem Zugriff auf diese Website und deren Verkn\u00fcpfungen im www erkl\u00e4ren Sie, dass die nachstehenden rechtlichen Informationen und die Anwendungsbedingungen verstanden haben und anerkennen. Wenn Sie damit nicht einverstanden erkl\u00e4ren k\u00f6nnen, verlassen Sie bitte diese Website und ihre Links!<\/p>\n<p><strong>Haftung:<\/strong><\/p>\n<p>Jegliche Haftung von seves-konz-spez.net wird f\u00fcr s\u00e4mtliche Sch\u00e4den ausgeschlossen, welche im Zusammenhang mit der Nutzung dieser Website oder irgendwelcher darin enthaltender Informationen, Produkte, Leistungen u.\u00e4 entstehen k\u00f6nnen.<br \/>\nGerichtstand und anwendbares Recht bei allf\u00e4lligen Auseinandersetzungen sind ausschliesslich die ordentlichen Gerichte am Sitz SEVES, Luzern (Schweiz). Anwendbar ist das Schweizerische Recht!<\/p>\n","protected":false},"excerpt":{"rendered":"<p>Unternehmen SEVES konz Spez Verbinde-Netzwerke: Strategie-Beratung und Hilfe bei komplexen Zentralproblemen f\u00fcr Unternehmen durch evolutionskonformes und engpasskonzentriertes Denken und entsprechende Spezialisten-Vermittlungen! Effiziente und effektive Team-Organisation. SEVES konz Spez Verbinde-Netzwerke von D\u00e4niken Karl Schlettlirain 8 CH 6274 Eschenbach Email: \u00a0karl.von.daeniken@seves-konz-spez.net CH-MwST: Unterschreitung des MwST pflichtigen j\u00e4hrlichen Mindestumsatzes. Bitte Kontaktieren Sie uns unverbindlich! Verlangen Sie f\u00fcr sich [&hellip;]<\/p>\n","protected":false},"author":2,"featured_media":0,"parent":0,"menu_order":6,"comment_status":"open","ping_status":"open","template":"","meta":[],"_links":{"self":[{"href":"http:\/\/seves-konz-spez.net\/blog\/wp-json\/wp\/v2\/pages\/6"}],"collection":[{"href":"http:\/\/seves-konz-spez.net\/blog\/wp-json\/wp\/v2\/pages"}],"about":[{"href":"http:\/\/seves-konz-spez.net\/blog\/wp-json\/wp\/v2\/types\/page"}],"author":[{"embeddable":true,"href":"http:\/\/seves-konz-spez.net\/blog\/wp-json\/wp\/v2\/users\/2"}],"replies":[{"embeddable":true,"href":"http:\/\/seves-konz-spez.net\/blog\/wp-json\/wp\/v2\/comments?post=6"}],"version-history":[{"count":37,"href":"http:\/\/seves-konz-spez.net\/blog\/wp-json\/wp\/v2\/pages\/6\/revisions"}],"predecessor-version":[{"id":2667,"href":"http:\/\/seves-konz-spez.net\/blog\/wp-json\/wp\/v2\/pages\/6\/revisions\/2667"}],"wp:attachment":[{"href":"http:\/\/seves-konz-spez.net\/blog\/wp-json\/wp\/v2\/media?parent=6"}],"curies":[{"name":"wp","href":"https:\/\/api.w.org\/{rel}","templated":true}]}}