{"id":53,"date":"2012-03-11T17:57:52","date_gmt":"2012-03-11T16:57:52","guid":{"rendered":"http:\/\/seves-konz-spez.net\/blog\/?page_id=53"},"modified":"2020-09-25T17:59:47","modified_gmt":"2020-09-25T16:59:47","slug":"ch-marke-seves","status":"publish","type":"page","link":"http:\/\/seves-konz-spez.net\/blog\/ch-marke-seves\/","title":{"rendered":"CH-Marke SEVES \u00ae"},"content":{"rendered":"<h1>SEVES als CH-Marke:<\/h1>\n<p>Welchen Nutzen erhalten Sie aus dieser Marke SEVES?<br \/>\n&#8211; eigene wirksame, effiziente und effektive Teams und Kooperationen aufbauen<br \/>\n&#8211; eine wirksamere Strategie f\u00fcr sich selbst gewinnen mittels Ideen und objektiven<br \/>\nInformationen<br \/>\n&#8211; externe und interne Engp\u00e4sse erkennen und mittels den daf\u00fcr erforderlichen Minimum-<br \/>\nFaktoren beheben<br \/>\n&#8211; Motivation f\u00fcr Zentralproblem-L\u00f6sungen erhalten!<\/p>\n<p><strong>SEVES Netzwerke:<\/strong>\u00a0 \u00a0 \u00a0 \u00a0 \u00a0 \u00a0<strong>Spiel-Elemente L360:<\/strong><\/p>\n<p><strong>Aktuelle Beschreibung: \u00a0 Erste Bezeichnung \u00a0SEVES:<\/strong><a href=\"http:\/\/seves-konz-spez.net\/blog\/wp-content\/uploads\/2012\/03\/Erfindermesse-Bronce.jpg\"><img decoding=\"async\" loading=\"lazy\" class=\"aligncenter  wp-image-243\" title=\"Erfindermesse Bronce\" src=\"http:\/\/seves-konz-spez.net\/blog\/wp-content\/uploads\/2012\/03\/Erfindermesse-Bronce-300x211.jpg\" alt=\"\" width=\"169\" height=\"126\" \/><\/a><strong>S<\/strong>\u00a0\u00a0\u00a0 \u00a0 \u00a0 Strategisch- \u00a0 \u00a0 \u00a0 \u00a0 \u00a0 \u00a0 \u00a0 \u00a0\u00a0\u00a0 \u00a0 \u00a0\u00a0\u00a0 \u00a0 Sechs-<\/p>\n<p><strong>E<\/strong> \u00a0 \u00a0\u00a0\u00a0 Energetisches\u00a0\u00a0\u00a0\u00a0\u00a0\u00a0\u00a0\u00a0\u00a0\u00a0\u00a0\u00a0\u00a0\u00a0\u00a0\u00a0\u00a0\u00a0\u00a0\u00a0\u00a0\u00a0 \u00a0 Eck<\/p>\n<p><strong>V<\/strong>\u00a0 \u00a0 \u00a0 Verbinde-\/Kooperations-\u00a0 \u00a0 \u00a0\u00a0\u00a0 \u00a0 Verbinde-<\/p>\n<p><strong>E<\/strong>\u00a0 \u00a0 \u00a0\u00a0 Entwicklung (F+E)\u00a0\u00a0 \u00a0 \u00a0 \u00a0\u00a0 \u00a0\u00a0 \u00a0 \u00a0 Element<\/p>\n<p><strong>S\u00a0<\/strong>\u00a0 \u00a0 \u00a0 Sicherungssystem\u00a0\u00a0\u00a0\u00a0\u00a0\u00a0\u00a0\u00a0\u00a0\u00a0 \u00a0\u00a0 \u00a0\u00a0\u00a0\u00a0 Systeme<\/p>\n<p>Grundbed\u00fcrfnis Verbindungen: nur gemeinsam in daf\u00fcr geeigneten Teams lassen sich heute die global anstehenden Probleme l\u00f6sen! Packen wir es an!<\/p>\n<p><strong style=\"line-height: 1.5em;\">Positionierung:<\/strong><\/p>\n<p>Forschung + Entwicklung in der Verbindetechnik.<br \/>\n<span style=\"line-height: 1.5em;\">Studium: kybernetische Managementslehre mit Diplom, Mewes-Verlag.<br \/>\nAbsolvent des Lehrganges nach &#8222;Mewes-System und FAZ&#8220;.<br \/>\nSeit 1980 Mitglied des Bundesverbandes StrategieForum, www.strategie.net<br \/>\nStudium DWG Strategie-Trainer von Geffroy.<br \/>\nUmsetzungskompetenz bei alterozentriertem, evolutionskonformen Denken.<br \/>\nBeratende, wirksame Team-Organisation in Unternehmen.<\/span><\/p>\n<p>&nbsp;<\/p>\n<p>&nbsp;<\/p>\n","protected":false},"excerpt":{"rendered":"<p>SEVES als CH-Marke: Welchen Nutzen erhalten Sie aus dieser Marke SEVES? &#8211; eigene wirksame, effiziente und effektive Teams und Kooperationen aufbauen &#8211; eine wirksamere Strategie f\u00fcr sich selbst gewinnen mittels Ideen und objektiven Informationen &#8211; externe und interne Engp\u00e4sse erkennen und mittels den daf\u00fcr erforderlichen Minimum- Faktoren beheben &#8211; Motivation f\u00fcr Zentralproblem-L\u00f6sungen erhalten! SEVES Netzwerke:\u00a0 [&hellip;]<\/p>\n","protected":false},"author":2,"featured_media":0,"parent":0,"menu_order":4,"comment_status":"open","ping_status":"open","template":"","meta":[],"_links":{"self":[{"href":"http:\/\/seves-konz-spez.net\/blog\/wp-json\/wp\/v2\/pages\/53"}],"collection":[{"href":"http:\/\/seves-konz-spez.net\/blog\/wp-json\/wp\/v2\/pages"}],"about":[{"href":"http:\/\/seves-konz-spez.net\/blog\/wp-json\/wp\/v2\/types\/page"}],"author":[{"embeddable":true,"href":"http:\/\/seves-konz-spez.net\/blog\/wp-json\/wp\/v2\/users\/2"}],"replies":[{"embeddable":true,"href":"http:\/\/seves-konz-spez.net\/blog\/wp-json\/wp\/v2\/comments?post=53"}],"version-history":[{"count":55,"href":"http:\/\/seves-konz-spez.net\/blog\/wp-json\/wp\/v2\/pages\/53\/revisions"}],"predecessor-version":[{"id":2378,"href":"http:\/\/seves-konz-spez.net\/blog\/wp-json\/wp\/v2\/pages\/53\/revisions\/2378"}],"wp:attachment":[{"href":"http:\/\/seves-konz-spez.net\/blog\/wp-json\/wp\/v2\/media?parent=53"}],"curies":[{"name":"wp","href":"https:\/\/api.w.org\/{rel}","templated":true}]}}