{"id":12,"date":"2012-03-09T15:46:16","date_gmt":"2012-03-09T14:46:16","guid":{"rendered":"http:\/\/seves-konz-spez.net\/blog\/?page_id=12"},"modified":"2024-02-16T11:27:50","modified_gmt":"2024-02-16T10:27:50","slug":"editorial-nutzen","status":"publish","type":"page","link":"http:\/\/seves-konz-spez.net\/blog\/editorial-nutzen\/","title":{"rendered":"Editorial, Nutzen"},"content":{"rendered":"<h2>Editorial Blog-Ziel: Zentralprobleme l\u00f6sen &#8211; Nutzen verkaufen!<\/h2>\n<h2>Wie k\u00f6nnen wir mehr Nutzen f\u00fcr die\u00a0 Gesellschaft erzeugen?<\/h2>\n<h3>Durch bessere Kommunikation miteinander in einfacher, gemeinsamer Sprache!<\/h3>\n<h3>Ziel dieses Blogs ist, M\u00f6glichheiten aufzuzeigen die auch ethisch und nutzenkonform Realisiert werden k\u00f6nnen! Mehr an Nutzen und Erfolg global zu erreichen\u00a0durch bessere Zentralproblem-L\u00f6sungen!<br \/>\nEin weiteres Ziel ist es, ein besseres Verst\u00e4ndnis zur Evolution zu schaffen, um f\u00fcr sich selbst eine bessere Verhaltensweise zu finden.<br \/>\nDiese evolutionskonforme, engpasskonzentrierte Win\/Win-Strategie sollte auch f\u00fcr Andere n\u00fctzlich und erfolgreich Anwendbar sein.<\/h3>\n<p><strong>Mehr an Nutzen erreichen durch schnellere Verf\u00fcgbarkeit von knappen Produktionsfaktoren durch aktuelle Mininimumfaktor-Bereitstellung f\u00fcr Wachstum und Entwicklung.<\/strong><\/p>\n<h3>Diese Ziele Global zu erreichen ist w\u00fcnschenswert. Eine Harmonie weltweit zu erreichen ist zwingend erforderlich!\u00a0 Mit neuen Informationen und besserer Methodik die Gesellschaft zu vermehrten nutzenkonformen und engpasskonzentrierten Kooperationen zu motivieren ist das Blog-Ziel!<\/h3>\n","protected":false},"excerpt":{"rendered":"<p>Editorial Blog-Ziel: Zentralprobleme l\u00f6sen &#8211; Nutzen verkaufen! Wie k\u00f6nnen wir mehr Nutzen f\u00fcr die\u00a0 Gesellschaft erzeugen? Durch bessere Kommunikation miteinander in einfacher, gemeinsamer Sprache! Ziel dieses Blogs ist, M\u00f6glichheiten aufzuzeigen die auch ethisch und nutzenkonform Realisiert werden k\u00f6nnen! Mehr an Nutzen und Erfolg global zu erreichen\u00a0durch bessere Zentralproblem-L\u00f6sungen! Ein weiteres Ziel ist es, ein besseres [&hellip;]<\/p>\n","protected":false},"author":2,"featured_media":0,"parent":0,"menu_order":0,"comment_status":"open","ping_status":"open","template":"","meta":[],"_links":{"self":[{"href":"http:\/\/seves-konz-spez.net\/blog\/wp-json\/wp\/v2\/pages\/12"}],"collection":[{"href":"http:\/\/seves-konz-spez.net\/blog\/wp-json\/wp\/v2\/pages"}],"about":[{"href":"http:\/\/seves-konz-spez.net\/blog\/wp-json\/wp\/v2\/types\/page"}],"author":[{"embeddable":true,"href":"http:\/\/seves-konz-spez.net\/blog\/wp-json\/wp\/v2\/users\/2"}],"replies":[{"embeddable":true,"href":"http:\/\/seves-konz-spez.net\/blog\/wp-json\/wp\/v2\/comments?post=12"}],"version-history":[{"count":29,"href":"http:\/\/seves-konz-spez.net\/blog\/wp-json\/wp\/v2\/pages\/12\/revisions"}],"predecessor-version":[{"id":2580,"href":"http:\/\/seves-konz-spez.net\/blog\/wp-json\/wp\/v2\/pages\/12\/revisions\/2580"}],"wp:attachment":[{"href":"http:\/\/seves-konz-spez.net\/blog\/wp-json\/wp\/v2\/media?parent=12"}],"curies":[{"name":"wp","href":"https:\/\/api.w.org\/{rel}","templated":true}]}}